{"id":258102,"date":"2025-10-16T15:03:44","date_gmt":"2025-10-16T08:03:44","guid":{"rendered":"https:\/\/vuanem.com\/blog\/?page_id=258102"},"modified":"2025-12-09T16:05:39","modified_gmt":"2025-12-09T09:05:39","slug":"bao-chi-noi-ve-vua-nem","status":"publish","type":"page","link":"https:\/\/vuanem.com\/blog\/bao-chi-noi-ve-vua-nem","title":{"rendered":"B\u00e1o ch\u00ed n\u00f3i v\u1ec1 Vua N\u1ec7m"},"content":{"rendered":"<div id=\"vuanem-3669948690\" class=\"vuanem-before-content_4 vuanem-entity-placement\" style=\"margin-bottom: 30px;min-height: 100px;\"><a href=\"https:\/\/vuanem.com\/flash-sale?itm_source=seo&#038;itm_medium=bannertop-blog&#038;itm_campaign=ctkm\" target=\"_blank\" aria-label=\"Ng\u00e0y c\u1ee7a M\u1eb9\"><img src=\"https:\/\/vuanem.com\/blog\/wp-content\/uploads\/2024\/10\/banner-ngay-cua-me.jpg\" alt=\"Ng\u00e0y c\u1ee7a M\u1eb9\"  srcset=\"https:\/\/vuanem.com\/blog\/wp-content\/uploads\/2024\/10\/banner-ngay-cua-me.jpg 1000w, https:\/\/vuanem.com\/blog\/wp-content\/uploads\/2024\/10\/banner-ngay-cua-me-300x159.jpg 300w, https:\/\/vuanem.com\/blog\/wp-content\/uploads\/2024\/10\/banner-ngay-cua-me-768x407.jpg 768w\" sizes=\"(max-width: 1000px) 100vw, 1000px\" class=\"no-lazyload\" width=\"1000\" height=\"530\"   \/><\/a><\/div>","protected":false},"excerpt":{"rendered":"","protected":false},"author":15,"featured_media":265626,"parent":0,"menu_order":0,"comment_status":"closed","ping_status":"closed","template":"templates\/bao-chi.php","meta":{"footnotes":""},"class_list":["post-258102","page","type-page","status-publish","has-post-thumbnail","hentry"],"_links":{"self":[{"href":"https:\/\/vuanem.com\/blog\/wp-json\/wp\/v2\/pages\/258102","targetHints":{"allow":["GET"]}}],"collection":[{"href":"https:\/\/vuanem.com\/blog\/wp-json\/wp\/v2\/pages"}],"about":[{"href":"https:\/\/vuanem.com\/blog\/wp-json\/wp\/v2\/types\/page"}],"author":[{"embeddable":true,"href":"https:\/\/vuanem.com\/blog\/wp-json\/wp\/v2\/users\/15"}],"replies":[{"embeddable":true,"href":"https:\/\/vuanem.com\/blog\/wp-json\/wp\/v2\/comments?post=258102"}],"version-history":[{"count":3,"href":"https:\/\/vuanem.com\/blog\/wp-json\/wp\/v2\/pages\/258102\/revisions"}],"predecessor-version":[{"id":265690,"href":"https:\/\/vuanem.com\/blog\/wp-json\/wp\/v2\/pages\/258102\/revisions\/265690"}],"wp:featuredmedia":[{"embeddable":true,"href":"https:\/\/vuanem.com\/blog\/wp-json\/wp\/v2\/media\/265626"}],"wp:attachment":[{"href":"https:\/\/vuanem.com\/blog\/wp-json\/wp\/v2\/media?parent=258102"}],"curies":[{"name":"wp","href":"https:\/\/api.w.org\/{rel}","templated":true}]}}